{"id":22,"date":"2026-03-23T12:32:53","date_gmt":"2026-03-23T12:32:53","guid":{"rendered":"https:\/\/compramosempresas.es\/?page_id=22"},"modified":"2026-03-31T07:52:51","modified_gmt":"2026-03-31T07:52:51","slug":"home","status":"publish","type":"page","link":"https:\/\/compramosempresas.es\/","title":{"rendered":"Valoramos tu empresa de forma gratuita y confidencial."},"content":{"rendered":"\n\n\n<div class=\"wp-block-group alignfull has-accent-background-color has-background has-global-padding is-layout-constrained wp-container-core-group-is-layout-669513ed wp-block-group-is-layout-constrained\" style=\"margin-top:0;margin-bottom:0;padding-top:var(--wp--preset--spacing--50);padding-right:var(--wp--preset--spacing--50);padding-bottom:var(--wp--preset--spacing--50);padding-left:var(--wp--preset--spacing--50)\">\n<div class=\"wp-block-columns alignwide is-layout-flex wp-container-core-columns-is-layout-1da03c2a wp-block-columns-is-layout-flex\">\n<div class=\"wp-block-column is-vertically-aligned-stretch is-layout-flow wp-block-column-is-layout-flow\" style=\"flex-basis:50%\">\n<div class=\"wp-block-group is-vertical is-content-justification-stretch is-layout-flex wp-container-core-group-is-layout-444d5ee8 wp-block-group-is-layout-flex\" style=\"min-height:100%\">\n<p class=\"has-heading-font-family has-large-font-size\" style=\"line-height:1.2\"><strong>Compramos peque\u00f1as y medianas empresas en Espa\u00f1a y analizamos cada operaci\u00f3n de forma confidencial, \u00e1gil y sin compromiso.<\/strong><\/p>\n\n\n\n<div class=\"wp-block-group has-global-padding is-content-justification-left is-layout-constrained wp-container-core-group-is-layout-9fe8ed88 wp-block-group-is-layout-constrained\">\n<p class=\"wp-container-content-0733e5d0\">Confidencialidad garantizada<\/p>\n\n\n\n<div class=\"wp-block-buttons is-layout-flex wp-block-buttons-is-layout-flex\">\n<div class=\"wp-block-button\"><a class=\"wp-block-button__link wp-element-button\">Solicitar valoraci\u00f3n<\/a><\/div>\n<\/div>\n<\/div>\n<\/div>\n<\/div>\n\n\n\n<div class=\"wp-block-column is-vertically-aligned-center is-layout-flow wp-block-column-is-layout-flow\" style=\"flex-basis:50%\">\n<figure class=\"wp-block-image size-large is-style-rounded is-style-rounded--1\"><img loading=\"lazy\" decoding=\"async\" width=\"1024\" height=\"683\" src=\"https:\/\/compramosempresas.es\/wp-content\/uploads\/2026\/03\/ChatGPT-Image-24-mar-2026-08_23_00-1024x683.png\" alt=\"\" class=\"wp-image-66\" srcset=\"https:\/\/compramosempresas.es\/wp-content\/uploads\/2026\/03\/ChatGPT-Image-24-mar-2026-08_23_00-1024x683.png 1024w, https:\/\/compramosempresas.es\/wp-content\/uploads\/2026\/03\/ChatGPT-Image-24-mar-2026-08_23_00-300x200.png 300w, https:\/\/compramosempresas.es\/wp-content\/uploads\/2026\/03\/ChatGPT-Image-24-mar-2026-08_23_00-768x512.png 768w, https:\/\/compramosempresas.es\/wp-content\/uploads\/2026\/03\/ChatGPT-Image-24-mar-2026-08_23_00.png 1536w\" sizes=\"auto, (max-width: 1024px) 100vw, 1024px\" \/><\/figure>\n<\/div>\n<\/div>\n<\/div>\n\n\n\n<div class=\"wp-block-group alignfull has-base-background-color has-background has-global-padding is-layout-constrained wp-container-core-group-is-layout-d89aad35 wp-block-group-is-layout-constrained\" style=\"margin-top:0;margin-bottom:0;padding-top:var(--wp--preset--spacing--50);padding-right:var(--wp--preset--spacing--50);padding-bottom:var(--wp--preset--spacing--50);padding-left:var(--wp--preset--spacing--50)\">\n<div class=\"wp-block-columns alignwide is-layout-flex wp-container-core-columns-is-layout-549b0c86 wp-block-columns-is-layout-flex\">\n<div class=\"wp-block-column bordes is-layout-flow wp-block-column-is-layout-flow\">\n<p><strong>1 \u2013 Cu\u00e9ntanos tu empresa<\/strong>.<\/p>\n\n\n\n<p>Te pedimos algunos datos b\u00e1sicos como el sector, facturaci\u00f3n y situaci\u00f3n actual. Toda la informaci\u00f3n es 100% confidencial.<\/p>\n<\/div>\n\n\n\n<div class=\"wp-block-column bordes is-layout-flow wp-block-column-is-layout-flow\">\n<p><strong>2 \u2013 Analizamos tu empresa<\/strong>.<\/p>\n\n\n\n<p>Revisamos la informaci\u00f3n y evaluamos el potencial de tu empresa de forma r\u00e1pida y profesional.<\/p>\n<\/div>\n\n\n\n<div class=\"wp-block-column bordes is-layout-flow wp-block-column-is-layout-flow\">\n<p><strong>3 \u2013 Recibe una propuesta.<\/strong><\/p>\n\n\n\n<p><strong>\u200d<\/strong>Si encaja con nuestros criterios, nos pondremos en contacto contigo para avanzar en la operaci\u00f3n.<\/p>\n<\/div>\n<\/div>\n<\/div>\n\n\n\n<div class=\"wp-block-group alignfull has-accent-5-background-color has-background has-global-padding is-layout-constrained wp-container-core-group-is-layout-d89aad35 wp-block-group-is-layout-constrained\" style=\"margin-top:0;margin-bottom:0;padding-top:var(--wp--preset--spacing--50);padding-right:var(--wp--preset--spacing--50);padding-bottom:var(--wp--preset--spacing--50);padding-left:var(--wp--preset--spacing--50)\">\n<div class=\"wp-block-columns alignwide is-layout-flex wp-container-core-columns-is-layout-1da03c2a wp-block-columns-is-layout-flex\">\n<div class=\"wp-block-column is-vertically-aligned-center is-layout-flow wp-block-column-is-layout-flow\" style=\"flex-basis:60%\">\n<figure class=\"wp-block-image size-full is-style-rounded wp-duotone-duotone-1 is-style-rounded--2\"><img loading=\"lazy\" decoding=\"async\" width=\"1536\" height=\"1024\" src=\"https:\/\/compramosempresas.es\/wp-content\/uploads\/2026\/03\/ChatGPT-Image-24-mar-2026-08_18_04.png\" alt=\"\" class=\"wp-image-62\" style=\"aspect-ratio:4\/3;object-fit:cover\" srcset=\"https:\/\/compramosempresas.es\/wp-content\/uploads\/2026\/03\/ChatGPT-Image-24-mar-2026-08_18_04.png 1536w, https:\/\/compramosempresas.es\/wp-content\/uploads\/2026\/03\/ChatGPT-Image-24-mar-2026-08_18_04-300x200.png 300w, https:\/\/compramosempresas.es\/wp-content\/uploads\/2026\/03\/ChatGPT-Image-24-mar-2026-08_18_04-1024x683.png 1024w, https:\/\/compramosempresas.es\/wp-content\/uploads\/2026\/03\/ChatGPT-Image-24-mar-2026-08_18_04-768x512.png 768w\" sizes=\"auto, (max-width: 1536px) 100vw, 1536px\" \/><\/figure>\n<\/div>\n\n\n\n<div class=\"wp-block-column is-layout-flow wp-block-column-is-layout-flow\" style=\"flex-basis:40%\">\n<h2 class=\"wp-block-heading\">\u00bfPOR QU\u00c9 COMPRAMOS EMPRESAS?<\/h2>\n\n\n\n<p><strong>Adquirimos empresas con potencial de crecimiento y continuidad.<\/strong><br>Nuestro objetivo es dar estabilidad a negocios s\u00f3lidos y acompa\u00f1arlos en su siguiente etapa.<\/p>\n\n\n\n<p>Buscamos empresas con trayectoria, equipos comprometidos y oportunidades de mejora. Analizamos cada caso de forma individual, con un enfoque profesional y totalmente confidencial.<\/p>\n\n\n\n<p>Creemos en relaciones transparentes, procesos \u00e1giles y decisiones bien fundamentadas.<\/p>\n<\/div>\n<\/div>\n<\/div>\n\n\n\n<div class=\"wp-block-group alignfull has-global-padding is-layout-constrained wp-container-core-group-is-layout-669513ed wp-block-group-is-layout-constrained\" style=\"margin-top:0;margin-bottom:0;padding-top:var(--wp--preset--spacing--50);padding-right:var(--wp--preset--spacing--50);padding-bottom:var(--wp--preset--spacing--50);padding-left:var(--wp--preset--spacing--50)\">\n<div class=\"wp-block-group is-vertical is-content-justification-center is-layout-flex wp-container-core-group-is-layout-ce155fab wp-block-group-is-layout-flex\">\n<h2 class=\"wp-block-heading has-text-align-center has-xx-large-font-size\">Compramos empresas en diferentes situaciones<\/h2>\n\n\n\n<p class=\"has-text-align-center\">Analizamos cada caso de forma individual, ofreciendo soluciones a empresarios que buscan vender su empresa por distintos motivos.<\/p>\n<\/div>\n\n\n\n<div style=\"height:var(--wp--preset--spacing--30)\" aria-hidden=\"true\" class=\"wp-block-spacer\"><\/div>\n\n\n\n<div class=\"wp-block-columns alignwide is-layout-flex wp-container-core-columns-is-layout-4935966c wp-block-columns-is-layout-flex\" style=\"padding-right:0;padding-left:0\">\n<div class=\"wp-block-column is-layout-flow wp-block-column-is-layout-flow\" style=\"flex-basis:33%\"><\/div>\n\n\n\n<div class=\"wp-block-column is-layout-flow wp-block-column-is-layout-flow\">\n<p class=\"has-text-align-left\">\u2714 Empresas en crisis o con dificultades<br>\u2714 Procesos de jubilaci\u00f3n<br>\u2714 Falta de relevo o continuidad familiar<br>\u2714 Empresas con potencial en transici\u00f3n<\/p>\n\n\n\n<p class=\"has-text-align-left\"><\/p>\n<\/div>\n\n\n\n<div class=\"wp-block-column is-layout-flow wp-block-column-is-layout-flow\" style=\"flex-basis:8%\"><\/div>\n<\/div>\n<\/div>\n\n\n\n<div class=\"wp-block-group alignfull has-background has-global-padding is-layout-constrained wp-container-core-group-is-layout-d89aad35 wp-block-group-is-layout-constrained\" style=\"background-color:#d1d1d1;margin-top:0;margin-bottom:0;padding-top:var(--wp--preset--spacing--50);padding-right:var(--wp--preset--spacing--50);padding-bottom:var(--wp--preset--spacing--50);padding-left:var(--wp--preset--spacing--50)\">\n<div class=\"wp-block-columns is-layout-flex wp-container-core-columns-is-layout-28f84493 wp-block-columns-is-layout-flex\">\n<div class=\"wp-block-column is-layout-flow wp-block-column-is-layout-flow\">\n<h3 class=\"wp-block-heading has-text-align-center\">M\u00e1s de 50 operaciones cerradas en 2025<\/h3>\n\n\n\n<div class=\"wp-block-columns is-layout-flex wp-container-core-columns-is-layout-28f84493 wp-block-columns-is-layout-flex\">\n<div class=\"wp-block-column is-layout-flow wp-block-column-is-layout-flow\">\n<p class=\"has-text-align-center\">Experiencia real en compraventa de empresas<\/p>\n<\/div>\n<\/div>\n<\/div>\n<\/div>\n\n\n\n<div class=\"wp-block-group has-background has-global-padding is-layout-constrained wp-block-group-is-layout-constrained\" style=\"background-color:#d1d1d1;padding-top:var(--wp--preset--spacing--10);padding-bottom:var(--wp--preset--spacing--10)\"><\/div>\n\n\n\n<div class=\"wp-block-columns espacio is-layout-flex wp-container-core-columns-is-layout-28f84493 wp-block-columns-is-layout-flex\">\n<div class=\"wp-block-column is-layout-flow wp-block-column-is-layout-flow\">\n<p class=\"has-text-align-center has-heading-font-family\" style=\"margin-top:0;margin-bottom:0\"><strong>Confidencialidad garantizada \u00b7 Sin compromiso \u00b7 Respuesta en 24-48h<\/strong><\/p>\n<\/div>\n<\/div>\n<\/div>\n","protected":false},"excerpt":{"rendered":"<p>Compramos peque\u00f1as y medianas empresas en Espa\u00f1a y analizamos cada operaci\u00f3n de forma confidencial, \u00e1gil y sin compromiso. Confidencialidad garantizada 1 \u2013 Cu\u00e9ntanos tu empresa. Te pedimos algunos datos b\u00e1sicos como el sector, facturaci\u00f3n y situaci\u00f3n actual. Toda la informaci\u00f3n es 100% confidencial. 2 \u2013 Analizamos tu empresa. Revisamos la informaci\u00f3n y evaluamos el potencial [&hellip;]<\/p>\n","protected":false},"author":1,"featured_media":0,"parent":0,"menu_order":0,"comment_status":"closed","ping_status":"closed","template":"","meta":{"footnotes":""},"class_list":["post-22","page","type-page","status-publish","hentry"],"yoast_head":"<!-- This site is optimized with the Yoast SEO plugin v27.2 - https:\/\/yoast.com\/product\/yoast-seo-wordpress\/ -->\n<title>Valoramos tu empresa de forma gratuita y confidencial. - Compramos Empresas<\/title>\n<meta name=\"robots\" content=\"index, follow, max-snippet:-1, max-image-preview:large, max-video-preview:-1\" \/>\n<link rel=\"canonical\" href=\"https:\/\/compramosempresas.es\/\" \/>\n<meta property=\"og:locale\" content=\"es_ES\" \/>\n<meta property=\"og:type\" content=\"article\" \/>\n<meta property=\"og:title\" content=\"Valoramos tu empresa de forma gratuita y confidencial. - Compramos Empresas\" \/>\n<meta property=\"og:description\" content=\"Compramos peque\u00f1as y medianas empresas en Espa\u00f1a y analizamos cada operaci\u00f3n de forma confidencial, \u00e1gil y sin compromiso. Confidencialidad garantizada 1 \u2013 Cu\u00e9ntanos tu empresa. Te pedimos algunos datos b\u00e1sicos como el sector, facturaci\u00f3n y situaci\u00f3n actual. Toda la informaci\u00f3n es 100% confidencial. 2 \u2013 Analizamos tu empresa. Revisamos la informaci\u00f3n y evaluamos el potencial [&hellip;]\" \/>\n<meta property=\"og:url\" content=\"https:\/\/compramosempresas.es\/\" \/>\n<meta property=\"og:site_name\" content=\"Compramos Empresas\" \/>\n<meta property=\"article:modified_time\" content=\"2026-03-31T07:52:51+00:00\" \/>\n<meta property=\"og:image\" content=\"https:\/\/compramosempresas.es\/wp-content\/uploads\/2026\/03\/ChatGPT-Image-24-mar-2026-08_23_00.png\" \/>\n\t<meta property=\"og:image:width\" content=\"1536\" \/>\n\t<meta property=\"og:image:height\" content=\"1024\" \/>\n\t<meta property=\"og:image:type\" content=\"image\/png\" \/>\n<meta name=\"twitter:card\" content=\"summary_large_image\" \/>\n<meta name=\"twitter:label1\" content=\"Tiempo de lectura\" \/>\n\t<meta name=\"twitter:data1\" content=\"2 minutos\" \/>\n<script type=\"application\/ld+json\" class=\"yoast-schema-graph\">{\"@context\":\"https:\/\/schema.org\",\"@graph\":[{\"@type\":\"WebPage\",\"@id\":\"https:\/\/compramosempresas.es\/\",\"url\":\"https:\/\/compramosempresas.es\/\",\"name\":\"Valoramos tu empresa de forma gratuita y confidencial. - Compramos Empresas\",\"isPartOf\":{\"@id\":\"https:\/\/compramosempresas.es\/#website\"},\"primaryImageOfPage\":{\"@id\":\"https:\/\/compramosempresas.es\/#primaryimage\"},\"image\":{\"@id\":\"https:\/\/compramosempresas.es\/#primaryimage\"},\"thumbnailUrl\":\"https:\/\/compramosempresas.es\/wp-content\/uploads\/2026\/03\/ChatGPT-Image-24-mar-2026-08_23_00-1024x683.png\",\"datePublished\":\"2026-03-23T12:32:53+00:00\",\"dateModified\":\"2026-03-31T07:52:51+00:00\",\"breadcrumb\":{\"@id\":\"https:\/\/compramosempresas.es\/#breadcrumb\"},\"inLanguage\":\"es\",\"potentialAction\":[{\"@type\":\"ReadAction\",\"target\":[\"https:\/\/compramosempresas.es\/\"]}]},{\"@type\":\"ImageObject\",\"inLanguage\":\"es\",\"@id\":\"https:\/\/compramosempresas.es\/#primaryimage\",\"url\":\"https:\/\/compramosempresas.es\/wp-content\/uploads\/2026\/03\/ChatGPT-Image-24-mar-2026-08_23_00.png\",\"contentUrl\":\"https:\/\/compramosempresas.es\/wp-content\/uploads\/2026\/03\/ChatGPT-Image-24-mar-2026-08_23_00.png\",\"width\":1536,\"height\":1024},{\"@type\":\"BreadcrumbList\",\"@id\":\"https:\/\/compramosempresas.es\/#breadcrumb\",\"itemListElement\":[{\"@type\":\"ListItem\",\"position\":1,\"name\":\"Portada\",\"item\":\"https:\/\/compramosempresas.es\/\"},{\"@type\":\"ListItem\",\"position\":2,\"name\":\"Valoramos tu empresa de forma gratuita y confidencial.\"}]},{\"@type\":\"WebSite\",\"@id\":\"https:\/\/compramosempresas.es\/#website\",\"url\":\"https:\/\/compramosempresas.es\/\",\"name\":\"Compramos Empresas\",\"description\":\"\",\"potentialAction\":[{\"@type\":\"SearchAction\",\"target\":{\"@type\":\"EntryPoint\",\"urlTemplate\":\"https:\/\/compramosempresas.es\/?s={search_term_string}\"},\"query-input\":{\"@type\":\"PropertyValueSpecification\",\"valueRequired\":true,\"valueName\":\"search_term_string\"}}],\"inLanguage\":\"es\"}]}<\/script>\n<!-- \/ Yoast SEO plugin. -->","yoast_head_json":{"title":"Valoramos tu empresa de forma gratuita y confidencial. - Compramos Empresas","robots":{"index":"index","follow":"follow","max-snippet":"max-snippet:-1","max-image-preview":"max-image-preview:large","max-video-preview":"max-video-preview:-1"},"canonical":"https:\/\/compramosempresas.es\/","og_locale":"es_ES","og_type":"article","og_title":"Valoramos tu empresa de forma gratuita y confidencial. - Compramos Empresas","og_description":"Compramos peque\u00f1as y medianas empresas en Espa\u00f1a y analizamos cada operaci\u00f3n de forma confidencial, \u00e1gil y sin compromiso. Confidencialidad garantizada 1 \u2013 Cu\u00e9ntanos tu empresa. Te pedimos algunos datos b\u00e1sicos como el sector, facturaci\u00f3n y situaci\u00f3n actual. Toda la informaci\u00f3n es 100% confidencial. 2 \u2013 Analizamos tu empresa. Revisamos la informaci\u00f3n y evaluamos el potencial [&hellip;]","og_url":"https:\/\/compramosempresas.es\/","og_site_name":"Compramos Empresas","article_modified_time":"2026-03-31T07:52:51+00:00","og_image":[{"width":1536,"height":1024,"url":"https:\/\/compramosempresas.es\/wp-content\/uploads\/2026\/03\/ChatGPT-Image-24-mar-2026-08_23_00.png","type":"image\/png"}],"twitter_card":"summary_large_image","twitter_misc":{"Tiempo de lectura":"2 minutos"},"schema":{"@context":"https:\/\/schema.org","@graph":[{"@type":"WebPage","@id":"https:\/\/compramosempresas.es\/","url":"https:\/\/compramosempresas.es\/","name":"Valoramos tu empresa de forma gratuita y confidencial. - Compramos Empresas","isPartOf":{"@id":"https:\/\/compramosempresas.es\/#website"},"primaryImageOfPage":{"@id":"https:\/\/compramosempresas.es\/#primaryimage"},"image":{"@id":"https:\/\/compramosempresas.es\/#primaryimage"},"thumbnailUrl":"https:\/\/compramosempresas.es\/wp-content\/uploads\/2026\/03\/ChatGPT-Image-24-mar-2026-08_23_00-1024x683.png","datePublished":"2026-03-23T12:32:53+00:00","dateModified":"2026-03-31T07:52:51+00:00","breadcrumb":{"@id":"https:\/\/compramosempresas.es\/#breadcrumb"},"inLanguage":"es","potentialAction":[{"@type":"ReadAction","target":["https:\/\/compramosempresas.es\/"]}]},{"@type":"ImageObject","inLanguage":"es","@id":"https:\/\/compramosempresas.es\/#primaryimage","url":"https:\/\/compramosempresas.es\/wp-content\/uploads\/2026\/03\/ChatGPT-Image-24-mar-2026-08_23_00.png","contentUrl":"https:\/\/compramosempresas.es\/wp-content\/uploads\/2026\/03\/ChatGPT-Image-24-mar-2026-08_23_00.png","width":1536,"height":1024},{"@type":"BreadcrumbList","@id":"https:\/\/compramosempresas.es\/#breadcrumb","itemListElement":[{"@type":"ListItem","position":1,"name":"Portada","item":"https:\/\/compramosempresas.es\/"},{"@type":"ListItem","position":2,"name":"Valoramos tu empresa de forma gratuita y confidencial."}]},{"@type":"WebSite","@id":"https:\/\/compramosempresas.es\/#website","url":"https:\/\/compramosempresas.es\/","name":"Compramos Empresas","description":"","potentialAction":[{"@type":"SearchAction","target":{"@type":"EntryPoint","urlTemplate":"https:\/\/compramosempresas.es\/?s={search_term_string}"},"query-input":{"@type":"PropertyValueSpecification","valueRequired":true,"valueName":"search_term_string"}}],"inLanguage":"es"}]}},"_links":{"self":[{"href":"https:\/\/compramosempresas.es\/index.php?rest_route=\/wp\/v2\/pages\/22","targetHints":{"allow":["GET"]}}],"collection":[{"href":"https:\/\/compramosempresas.es\/index.php?rest_route=\/wp\/v2\/pages"}],"about":[{"href":"https:\/\/compramosempresas.es\/index.php?rest_route=\/wp\/v2\/types\/page"}],"author":[{"embeddable":true,"href":"https:\/\/compramosempresas.es\/index.php?rest_route=\/wp\/v2\/users\/1"}],"replies":[{"embeddable":true,"href":"https:\/\/compramosempresas.es\/index.php?rest_route=%2Fwp%2Fv2%2Fcomments&post=22"}],"version-history":[{"count":72,"href":"https:\/\/compramosempresas.es\/index.php?rest_route=\/wp\/v2\/pages\/22\/revisions"}],"predecessor-version":[{"id":150,"href":"https:\/\/compramosempresas.es\/index.php?rest_route=\/wp\/v2\/pages\/22\/revisions\/150"}],"wp:attachment":[{"href":"https:\/\/compramosempresas.es\/index.php?rest_route=%2Fwp%2Fv2%2Fmedia&parent=22"}],"curies":[{"name":"wp","href":"https:\/\/api.w.org\/{rel}","templated":true}]}}